{"id":863,"date":"2021-08-30T08:42:43","date_gmt":"2021-08-30T06:42:43","guid":{"rendered":"https:\/\/www.ombudsservice-fricke-recht.de\/impressum\/"},"modified":"2022-03-09T12:24:34","modified_gmt":"2022-03-09T11:24:34","slug":"imprint","status":"publish","type":"page","link":"https:\/\/www.ombudsservice-fricke-recht.de\/en\/imprint\/","title":{"rendered":"Imprint"},"content":{"rendered":"<p>[et_pb_section fb_built=&#8221;1&#8243; _builder_version=&#8221;3.22&#8243;][et_pb_row _builder_version=&#8221;4.8.2&#8243; background_size=&#8221;initial&#8221; background_position=&#8221;top_left&#8221; background_repeat=&#8221;repeat&#8221; custom_margin=&#8221;||40px||false|false&#8221;][et_pb_column type=&#8221;4_4&#8243; _builder_version=&#8221;3.25&#8243; custom_padding=&#8221;|||&#8221; custom_padding__hover=&#8221;|||&#8221;][et_pb_text _builder_version=&#8221;4.8.2&#8243; text_font=&#8221;Montserrat|300|||||||&#8221; text_font_size=&#8221;15px&#8221; text_line_height=&#8221;1.8em&#8221; header_font=&#8221;Montserrat||||||||&#8221; header_font_size=&#8221;36px&#8221; header_line_height=&#8221;2.5em&#8221; header_2_font=&#8221;Montserrat||||||||&#8221; header_2_line_height=&#8221;1.6em&#8221; header_3_font=&#8221;Montserrat||||||||&#8221; header_3_font_size=&#8221;21px&#8221; header_3_line_height=&#8221;1.1em&#8221; background_size=&#8221;initial&#8221; background_position=&#8221;top_left&#8221; background_repeat=&#8221;repeat&#8221; hover_enabled=&#8221;0&#8243; sticky_enabled=&#8221;0&#8243;]<\/p>\n<h1>Imprint<\/h1>\n<p>Rechtsanw\u00e4ltin Katja Fricke<br \/>\nRadlkoferstra\u00dfe 2<br \/>\n81373 M\u00fcnchen<\/p>\n<p>Telefon: +49 89 32498050<br \/>\nWeb: www.fricke-recht.de<\/p>\n<p>Lawyer Katja Fricke is:<\/p>\n<ul>\n<li>Attorney at Law<\/li>\n<li>Graduate Sociologist<\/li>\n<li>Business Mediator MuCDR<\/li>\n<li>Member of the Bar Association<\/li>\n<\/ul>\n<p>Tax number: 147\/120\/70561<br \/>\nProperty Damage Liability: Allianz<\/p>\n<p>The VAT identification number of the law firm is: 147\/120\/70561 Lawyers are obliged by the Federal Lawyers&#8217; Act (Bundesrechtsanwaltsordnung) to maintain liability insurance with a minimum insurance sum of \u20ac 250,000.00. The details can be found in \u00a7 51 BRAO. In this respect, Ms. Fricke is insured with Allianz.<\/p>\n<p>The activities of the law firm are carried out on the basis of the following professional rules:<\/p>\n<ul>\n<li>Bundesrechtsanwaltsordnung (BRAO)<\/li>\n<li>Berufsordnung f\u00fcr Rechtsanw\u00e4lte (BORA)<\/li>\n<li>Rechtsanwaltsverg\u00fctungsgesetz (RVG)<\/li>\n<li>Fachanwaltsverordnung (FAO)<\/li>\n<\/ul>\n<p>Responsible for the content: Katja Fricke<br \/>\nSource information for the images and graphics used:<br \/>\nshutterstock.com<\/p>\n<h2>Disclaimer<\/h2>\n<h3>Liability for content<\/h3>\n<p>As a service provider, we are responsible for our own content on these pages in accordance with \u00a7 7 para.1 TMG under the general laws. According to \u00a7\u00a7 8 to 10 TMG, however, we are not obligated as a service provider to monitor transmitted or stored third-party information or to investigate circumstances that indicate illegal activity. Obligations to remove or block the use of information under the general laws remain unaffected. However, liability in this regard is only possible from the point in time at which a concrete infringement of the law becomes known. Upon becoming aware of any such infringement, we will remove such content immediately.<\/p>\n<h3>Liability for links<\/h3>\n<p>Our offer contains links to external websites of third parties, on whose contents we have no influence. Therefore, we can also not assume any liability for these external contents. The respective provider or operator of the pages is always responsible for the content of the linked pages. The linked pages were checked for possible legal violations at the time of linking. Illegal contents were not recognizable at the time of linking. However, a permanent control of the contents of the linked pages is not reasonable without concrete evidence of a violation of the law. If we become aware of any infringements, we will remove such links immediately.<\/p>\n<h3>Copyright<\/h3>\n<p>The content and works created by the site operators on these pages are subject to German copyright law. The reproduction, editing, distribution and any kind of exploitation outside the limits of copyright require the written consent of the respective author or creator. Downloads and copies of this site are only permitted for private, non-commercial use. Insofar as the content on this site was not created by the operator, the copyrights of third parties are respected. In particular, third-party content is identified as such. Should you nevertheless become aware of a copyright infringement, please inform us accordingly. If we become aware of any infringements, we will remove such content immediately.[\/et_pb_text][\/et_pb_column][\/et_pb_row][\/et_pb_section]<\/p>\n","protected":false},"excerpt":{"rendered":"<p>[et_pb_section fb_built=&#8221;1&#8243; _builder_version=&#8221;3.22&#8243;][et_pb_row _builder_version=&#8221;4.8.2&#8243; background_size=&#8221;initial&#8221; background_position=&#8221;top_left&#8221; background_repeat=&#8221;repeat&#8221; custom_margin=&#8221;||40px||false|false&#8221;][et_pb_column type=&#8221;4_4&#8243; _builder_version=&#8221;3.25&#8243; custom_padding=&#8221;|||&#8221; custom_padding__hover=&#8221;|||&#8221;][et_pb_text _builder_version=&#8221;4.8.2&#8243; text_font=&#8221;Montserrat|300|||||||&#8221; text_font_size=&#8221;15px&#8221; text_line_height=&#8221;1.8em&#8221; header_font=&#8221;Montserrat||||||||&#8221; header_font_size=&#8221;36px&#8221; header_line_height=&#8221;2.5em&#8221; header_2_font=&#8221;Montserrat||||||||&#8221; header_2_line_height=&#8221;1.6em&#8221; header_3_font=&#8221;Montserrat||||||||&#8221; header_3_font_size=&#8221;21px&#8221; header_3_line_height=&#8221;1.1em&#8221; background_size=&#8221;initial&#8221; background_position=&#8221;top_left&#8221; background_repeat=&#8221;repeat&#8221; hover_enabled=&#8221;0&#8243; sticky_enabled=&#8221;0&#8243;] Imprint Rechtsanw\u00e4ltin Katja Fricke Radlkoferstra\u00dfe 2 81373 M\u00fcnchen Telefon: +49 89 32498050 Web: www.fricke-recht.de Lawyer Katja Fricke is: Attorney at Law Graduate Sociologist Business Mediator MuCDR [&hellip;]<\/p>\n","protected":false},"author":1,"featured_media":0,"parent":0,"menu_order":0,"comment_status":"closed","ping_status":"open","template":"","meta":{"_et_pb_use_builder":"on","_et_pb_old_content":"<!-- wp:paragraph -->\r\n<p>Dies ist eine Beispiel-Seite. Sie unterscheidet sich von Beitr\u00e4gen, da sie stets an derselben Stelle bleibt und (bei den meisten Themes) in der Website-Navigation angezeigt wird. Die meisten starten mit einem Impressum, der Datenschutzerkl\u00e4rung oder einer \u201e\u00dcber\u00a0uns\u201c-Seite, um sich potenziellen Besuchern der Website vorzustellen. Dort k\u00f6nnte zum Beispiel stehen:<\/p>\r\n<!-- \/wp:paragraph --><!-- wp:quote -->\r\n<blockquote class=\"wp-block-quote\">\r\n<p>Hallo! Tags\u00fcber arbeite ich als Fahrradkurier, nachts bin ich ein aufstrebender Schauspieler und dies hier ist meine Website. Ich lebe in Berlin, habe einen gro\u00dfen Hund namens Jack, mag Pi\u00f1a Coladas, jedoch weniger (ohne Schirm) im Regen stehen gelassen zu werden.<\/p>\r\n<\/blockquote>\r\n<!-- \/wp:quote --><!-- wp:paragraph -->\r\n<p>...oder so etwas wie das hier:<\/p>\r\n<!-- \/wp:paragraph --><!-- wp:quote -->\r\n<blockquote class=\"wp-block-quote\">\r\n<p>Das Unternehmen XYZ wurde 1971 gegr\u00fcndet und versorgt die \u00d6ffentlichkeit seither mit qualitativ hochwertigen Produkten. An seinem Standort in einer kleinen Gro\u00dfstadt besch\u00e4ftigt der Betrieb \u00fcber 2.000 Menschen und unterst\u00fctzt die Stadtbewohner in vielfacher Hinsicht.<\/p>\r\n<\/blockquote>\r\n<!-- \/wp:quote --><!-- wp:paragraph -->\r\n<p>Als neuer WordPress-Benutzer solltest du <a href=\"http:\/\/www.ombudsservice-fricke-recht.de\/wp-admin\/\">dein Dashboard<\/a> aufrufen, um diese Seite zu l\u00f6schen und neue Seiten und Beitr\u00e4ge f\u00fcr deine Website erstellen. Viel Spa\u00df!<\/p>\r\n<!-- \/wp:paragraph -->","_et_gb_content_width":"","footnotes":""},"class_list":["post-863","page","type-page","status-publish","hentry"],"yoast_head":"<!-- This site is optimized with the Yoast SEO plugin v21.1 - https:\/\/yoast.com\/wordpress\/plugins\/seo\/ -->\n<title>Impressum :: Rechtsanwaltskanzlei Fricke - Ombudsservice in M\u00fcnchen<\/title>\n<meta name=\"description\" content=\"Wir beraten Sie in allen relevanten Compliance-Themen und verbinden das bew\u00e4hrte Prinzip des Ombudsmannes mit einem Mehrkanal-Hinweisgebersystem.\" \/>\n<meta name=\"robots\" content=\"index, follow, max-snippet:-1, max-image-preview:large, max-video-preview:-1\" \/>\n<link rel=\"canonical\" href=\"https:\/\/www.ombudsservice-fricke-recht.de\/en\/imprint\/\" \/>\n<meta property=\"og:locale\" content=\"en_US\" \/>\n<meta property=\"og:type\" content=\"article\" \/>\n<meta property=\"og:title\" content=\"Impressum :: Rechtsanwaltskanzlei Fricke - Ombudsservice in M\u00fcnchen\" \/>\n<meta property=\"og:description\" content=\"Wir beraten Sie in allen relevanten Compliance-Themen und verbinden das bew\u00e4hrte Prinzip des Ombudsmannes mit einem Mehrkanal-Hinweisgebersystem.\" \/>\n<meta property=\"og:url\" content=\"https:\/\/www.ombudsservice-fricke-recht.de\/en\/imprint\/\" \/>\n<meta property=\"og:site_name\" content=\"Ombudservice Fricke\" \/>\n<meta property=\"article:modified_time\" content=\"2022-03-09T11:24:34+00:00\" \/>\n<meta name=\"twitter:card\" content=\"summary_large_image\" \/>\n<meta name=\"twitter:label1\" content=\"Est. reading time\" \/>\n\t<meta name=\"twitter:data1\" content=\"3 minutes\" \/>\n<script type=\"application\/ld+json\" class=\"yoast-schema-graph\">{\"@context\":\"https:\/\/schema.org\",\"@graph\":[{\"@type\":\"WebPage\",\"@id\":\"https:\/\/www.ombudsservice-fricke-recht.de\/en\/imprint\/\",\"url\":\"https:\/\/www.ombudsservice-fricke-recht.de\/en\/imprint\/\",\"name\":\"Impressum :: Rechtsanwaltskanzlei Fricke - Ombudsservice in M\u00fcnchen\",\"isPartOf\":{\"@id\":\"https:\/\/www.ombudsservice-fricke-recht.de\/#website\"},\"datePublished\":\"2021-08-30T06:42:43+00:00\",\"dateModified\":\"2022-03-09T11:24:34+00:00\",\"description\":\"Wir beraten Sie in allen relevanten Compliance-Themen und verbinden das bew\u00e4hrte Prinzip des Ombudsmannes mit einem Mehrkanal-Hinweisgebersystem.\",\"breadcrumb\":{\"@id\":\"https:\/\/www.ombudsservice-fricke-recht.de\/en\/imprint\/#breadcrumb\"},\"inLanguage\":\"en-US\",\"potentialAction\":[{\"@type\":\"ReadAction\",\"target\":[\"https:\/\/www.ombudsservice-fricke-recht.de\/en\/imprint\/\"]}]},{\"@type\":\"BreadcrumbList\",\"@id\":\"https:\/\/www.ombudsservice-fricke-recht.de\/en\/imprint\/#breadcrumb\",\"itemListElement\":[{\"@type\":\"ListItem\",\"position\":1,\"name\":\"Startseite\",\"item\":\"https:\/\/www.ombudsservice-fricke-recht.de\/en\/\"},{\"@type\":\"ListItem\",\"position\":2,\"name\":\"Imprint\"}]},{\"@type\":\"WebSite\",\"@id\":\"https:\/\/www.ombudsservice-fricke-recht.de\/#website\",\"url\":\"https:\/\/www.ombudsservice-fricke-recht.de\/\",\"name\":\"Ombudservice Fricke\",\"description\":\"Rechtsanwaltskanzlei Fricke\",\"potentialAction\":[{\"@type\":\"SearchAction\",\"target\":{\"@type\":\"EntryPoint\",\"urlTemplate\":\"https:\/\/www.ombudsservice-fricke-recht.de\/?s={search_term_string}\"},\"query-input\":\"required name=search_term_string\"}],\"inLanguage\":\"en-US\"}]}<\/script>\n<!-- \/ Yoast SEO plugin. -->","yoast_head_json":{"title":"Impressum :: Rechtsanwaltskanzlei Fricke - Ombudsservice in M\u00fcnchen","description":"Wir beraten Sie in allen relevanten Compliance-Themen und verbinden das bew\u00e4hrte Prinzip des Ombudsmannes mit einem Mehrkanal-Hinweisgebersystem.","robots":{"index":"index","follow":"follow","max-snippet":"max-snippet:-1","max-image-preview":"max-image-preview:large","max-video-preview":"max-video-preview:-1"},"canonical":"https:\/\/www.ombudsservice-fricke-recht.de\/en\/imprint\/","og_locale":"en_US","og_type":"article","og_title":"Impressum :: Rechtsanwaltskanzlei Fricke - Ombudsservice in M\u00fcnchen","og_description":"Wir beraten Sie in allen relevanten Compliance-Themen und verbinden das bew\u00e4hrte Prinzip des Ombudsmannes mit einem Mehrkanal-Hinweisgebersystem.","og_url":"https:\/\/www.ombudsservice-fricke-recht.de\/en\/imprint\/","og_site_name":"Ombudservice Fricke","article_modified_time":"2022-03-09T11:24:34+00:00","twitter_card":"summary_large_image","twitter_misc":{"Est. reading time":"3 minutes"},"schema":{"@context":"https:\/\/schema.org","@graph":[{"@type":"WebPage","@id":"https:\/\/www.ombudsservice-fricke-recht.de\/en\/imprint\/","url":"https:\/\/www.ombudsservice-fricke-recht.de\/en\/imprint\/","name":"Impressum :: Rechtsanwaltskanzlei Fricke - Ombudsservice in M\u00fcnchen","isPartOf":{"@id":"https:\/\/www.ombudsservice-fricke-recht.de\/#website"},"datePublished":"2021-08-30T06:42:43+00:00","dateModified":"2022-03-09T11:24:34+00:00","description":"Wir beraten Sie in allen relevanten Compliance-Themen und verbinden das bew\u00e4hrte Prinzip des Ombudsmannes mit einem Mehrkanal-Hinweisgebersystem.","breadcrumb":{"@id":"https:\/\/www.ombudsservice-fricke-recht.de\/en\/imprint\/#breadcrumb"},"inLanguage":"en-US","potentialAction":[{"@type":"ReadAction","target":["https:\/\/www.ombudsservice-fricke-recht.de\/en\/imprint\/"]}]},{"@type":"BreadcrumbList","@id":"https:\/\/www.ombudsservice-fricke-recht.de\/en\/imprint\/#breadcrumb","itemListElement":[{"@type":"ListItem","position":1,"name":"Startseite","item":"https:\/\/www.ombudsservice-fricke-recht.de\/en\/"},{"@type":"ListItem","position":2,"name":"Imprint"}]},{"@type":"WebSite","@id":"https:\/\/www.ombudsservice-fricke-recht.de\/#website","url":"https:\/\/www.ombudsservice-fricke-recht.de\/","name":"Ombudservice Fricke","description":"Rechtsanwaltskanzlei Fricke","potentialAction":[{"@type":"SearchAction","target":{"@type":"EntryPoint","urlTemplate":"https:\/\/www.ombudsservice-fricke-recht.de\/?s={search_term_string}"},"query-input":"required name=search_term_string"}],"inLanguage":"en-US"}]}},"_links":{"self":[{"href":"https:\/\/www.ombudsservice-fricke-recht.de\/en\/wp-json\/wp\/v2\/pages\/863","targetHints":{"allow":["GET"]}}],"collection":[{"href":"https:\/\/www.ombudsservice-fricke-recht.de\/en\/wp-json\/wp\/v2\/pages"}],"about":[{"href":"https:\/\/www.ombudsservice-fricke-recht.de\/en\/wp-json\/wp\/v2\/types\/page"}],"author":[{"embeddable":true,"href":"https:\/\/www.ombudsservice-fricke-recht.de\/en\/wp-json\/wp\/v2\/users\/1"}],"replies":[{"embeddable":true,"href":"https:\/\/www.ombudsservice-fricke-recht.de\/en\/wp-json\/wp\/v2\/comments?post=863"}],"version-history":[{"count":5,"href":"https:\/\/www.ombudsservice-fricke-recht.de\/en\/wp-json\/wp\/v2\/pages\/863\/revisions"}],"predecessor-version":[{"id":868,"href":"https:\/\/www.ombudsservice-fricke-recht.de\/en\/wp-json\/wp\/v2\/pages\/863\/revisions\/868"}],"wp:attachment":[{"href":"https:\/\/www.ombudsservice-fricke-recht.de\/en\/wp-json\/wp\/v2\/media?parent=863"}],"curies":[{"name":"wp","href":"https:\/\/api.w.org\/{rel}","templated":true}]}}