{"id":715,"date":"2021-08-27T12:52:56","date_gmt":"2021-08-27T10:52:56","guid":{"rendered":"https:\/\/www.ombudsservice-fricke-recht.de\/strafrecht\/"},"modified":"2022-03-10T13:46:26","modified_gmt":"2022-03-10T12:46:26","slug":"criminal-law","status":"publish","type":"page","link":"https:\/\/www.ombudsservice-fricke-recht.de\/en\/for-clients\/criminal-law\/","title":{"rendered":"Criminal Law"},"content":{"rendered":"<p>[et_pb_section fb_built=&#8221;1&#8243; admin_label=&#8221;Hero&#8221; _builder_version=&#8221;4.8.2&#8243; use_background_color_gradient=&#8221;on&#8221; background_color_gradient_start=&#8221;rgba(0,0,0,0.5)&#8221; background_color_gradient_end=&#8221;rgba(0,0,0,0)&#8221; background_color_gradient_direction=&#8221;90deg&#8221; background_color_gradient_start_position=&#8221;24%&#8221; background_color_gradient_end_position=&#8221;91%&#8221; background_color_gradient_overlays_image=&#8221;on&#8221; background_image=&#8221;http:\/\/www.ombudsservice-fricke-recht.de\/wp-content\/uploads\/2021\/08\/strafrecht.jpg&#8221; min_height=&#8221;400px&#8221; height=&#8221;400px&#8221; custom_margin=&#8221;|||&#8221; custom_padding=&#8221;125px||0px|||&#8221; bottom_divider_style=&#8221;slant&#8221; bottom_divider_color=&#8221;#ffffff&#8221; bottom_divider_flip=&#8221;horizontal&#8221; animation_style=&#8221;slide&#8221; animation_direction=&#8221;top&#8221; animation_intensity_slide=&#8221;5%&#8221; animation_starting_opacity=&#8221;100%&#8221; background_last_edited=&#8221;on|desktop&#8221;][et_pb_row column_structure=&#8221;3_4,1_4&#8243; _builder_version=&#8221;3.25&#8243; background_size=&#8221;initial&#8221; background_position=&#8221;top_left&#8221; background_repeat=&#8221;repeat&#8221; custom_padding=&#8221;27px|0px|0px|0px&#8221;][et_pb_column type=&#8221;3_4&#8243; _builder_version=&#8221;3.25&#8243; custom_padding=&#8221;|||&#8221; custom_padding__hover=&#8221;|||&#8221;][et_pb_text admin_label=&#8221;Title&#8221; _builder_version=&#8221;4.8.2&#8243; text_font=&#8221;||||||||&#8221; header_font=&#8221;Montserrat|600|||||||&#8221; header_font_size=&#8221;50px&#8221; header_line_height=&#8221;1.2em&#8221; background_layout=&#8221;dark&#8221; animation_style=&#8221;zoom&#8221; animation_direction=&#8221;left&#8221; animation_intensity_zoom=&#8221;10%&#8221; header_font_size_tablet=&#8221;&#8221; header_font_size_phone=&#8221;50px&#8221; header_font_size_last_edited=&#8221;on|phone&#8221;]<\/p>\n<h1>Criminal Law<\/h1>\n<p>[\/et_pb_text][et_pb_divider color=&#8221;rgba(255,255,255,0.7)&#8221; divider_weight=&#8221;3px&#8221; _builder_version=&#8221;3.2&#8243; max_width=&#8221;120px&#8221; animation_style=&#8221;zoom&#8221; animation_direction=&#8221;left&#8221;][\/et_pb_divider][\/et_pb_column][et_pb_column type=&#8221;1_4&#8243; _builder_version=&#8221;3.25&#8243; custom_padding=&#8221;|||&#8221; custom_padding__hover=&#8221;|||&#8221;][\/et_pb_column][\/et_pb_row][\/et_pb_section][et_pb_section fb_built=&#8221;1&#8243; admin_label=&#8221;About&#8221; _builder_version=&#8221;3.22&#8243; custom_padding=&#8221;50px||0px|||&#8221;][et_pb_row _builder_version=&#8221;3.25&#8243; custom_margin=&#8221;|||&#8221; custom_padding=&#8221;|||&#8221;][et_pb_column type=&#8221;4_4&#8243; _builder_version=&#8221;3.25&#8243; custom_padding=&#8221;|||&#8221; custom_padding__hover=&#8221;|||&#8221;][et_pb_text content_tablet=&#8221;<\/p>\n<h2>Criminal Law<\/h2>\n<p>The prosecution of white-collar crime is constantly increasing.<br \/> Control and organisational requirements for companies are continuously being tightened by new legal regulations.<\/p>\n<p>This increases the liability risk for managers and decision-makers in companies.<\/p>\n<p><strong>Arm yourself for the worst-case scenario.<\/strong><\/p>\n<p>&#8221; content_phone=&#8221;<\/p>\n<h2>Criminal Law<\/h2>\n<p>The prosecution of white-collar crime is constantly increasing.<br \/> Control and organisational requirements for companies are continuously being tightened by new legal regulations.<\/p>\n<p>This increases the liability risk for managers and decision-makers in companies.<\/p>\n<p><strong>Arm yourself for the worst-case scenario.<\/strong><\/p>\n<p>&#8221; content_last_edited=&#8221;on|phone&#8221; admin_label=&#8221;Title&#8221; _builder_version=&#8221;4.8.2&#8243; text_font=&#8221;Montserrat|300|||||||&#8221; text_font_size=&#8221;16px&#8221; text_line_height=&#8221;1.8em&#8221; header_font=&#8221;||||||||&#8221; header_2_font=&#8221;Montserrat|500|||||||&#8221; header_2_text_align=&#8221;center&#8221; header_2_font_size=&#8221;30px&#8221; header_2_line_height=&#8221;1.4em&#8221; text_orientation=&#8221;center&#8221; max_width=&#8221;700px&#8221; module_alignment=&#8221;center&#8221; animation_direction=&#8221;right&#8221; hover_enabled=&#8221;0&#8243; sticky_enabled=&#8221;0&#8243;]<\/p>\n<h2>Criminal Law<\/h2>\n<p>The prosecution of white-collar crime is constantly increasing.<br \/> Control and organisational requirements for companies are continuously being tightened by new legal regulations.<\/p>\n<p>This increases the liability risk for managers and decision-makers in companies.<\/p>\n<p><strong>Arm yourself for the worst-case scenario.<\/strong><\/p>\n<p>[\/et_pb_text][\/et_pb_column][\/et_pb_row][et_pb_row column_structure=&#8221;1_2,1_2&#8243; _builder_version=&#8221;4.8.2&#8243; module_alignment=&#8221;center&#8221; custom_margin=&#8221;100px||70px||false|false&#8221; custom_margin_tablet=&#8221;20px||||false|false&#8221; custom_margin_phone=&#8221;30px||||false|false&#8221; custom_margin_last_edited=&#8221;on|phone&#8221; custom_padding=&#8221;40px|0px|40px|0px&#8221;][et_pb_column type=&#8221;1_2&#8243; _builder_version=&#8221;3.25&#8243; background_color_gradient_direction=&#8221;35deg&#8221; custom_padding=&#8221;|60px|60px|&#8221; custom_padding_tablet=&#8221;|0px||&#8221; custom_padding_phone=&#8221;&#8221; custom_padding_last_edited=&#8221;on|desktop&#8221; padding_tablet=&#8221;|0px||&#8221; padding_last_edited=&#8221;on|desktop&#8221; custom_padding__hover=&#8221;|||&#8221;][et_pb_text admin_label=&#8221;Subtitle&#8221; _builder_version=&#8221;4.8.2&#8243; text_font=&#8221;Montserrat|500||on|||||&#8221; text_text_color=&#8221;rgba(0,0,0,0.25)&#8221; header_font=&#8221;||||||||&#8221; animation_style=&#8221;slide&#8221; animation_direction=&#8221;right&#8221; animation_intensity_slide=&#8221;5%&#8221; animation_starting_opacity=&#8221;100%&#8221;]Criminal Investigation[\/et_pb_text][et_pb_text admin_label=&#8221;Title&#8221; _builder_version=&#8221;4.8.2&#8243; text_font=&#8221;||||||||&#8221; header_font=&#8221;||||||||&#8221; header_2_font=&#8221;Montserrat|500|||||||&#8221; header_2_font_size=&#8221;30px&#8221; header_2_line_height=&#8221;1.4em&#8221; animation_style=&#8221;fade&#8221; animation_direction=&#8221;right&#8221; animation_starting_opacity=&#8221;100%&#8221;]<\/p>\n<h2>Litigation<\/h2>\n<p>[\/et_pb_text][et_pb_divider divider_weight=&#8221;3px&#8221; _builder_version=&#8221;4.8.2&#8243; max_width=&#8221;80px&#8221; animation_style=&#8221;slide&#8221; animation_direction=&#8221;right&#8221; animation_intensity_slide=&#8221;5%&#8221; animation_starting_opacity=&#8221;100%&#8221;][\/et_pb_divider][et_pb_text _builder_version=&#8221;4.8.2&#8243; text_font=&#8221;Montserrat|300|||||||&#8221; text_font_size=&#8221;16px&#8221; text_line_height=&#8221;1.8em&#8221; ul_line_height=&#8221;1.8em&#8221; header_3_font=&#8221;Montserrat||||||||&#8221; header_3_font_size=&#8221;20px&#8221; header_3_line_height=&#8221;1.4em&#8221; animation_style=&#8221;slide&#8221; animation_direction=&#8221;right&#8221; animation_intensity_slide=&#8221;5%&#8221; animation_starting_opacity=&#8221;100%&#8221;]We are happy to advise you and, if necessary, defend you in court.<\/p>\n<p>Our interdisciplinary defence strategy includes relevant topics such as directors&#8217; and officers&#8217; liability, corporate law and compliance.<\/p>\n<p>We specialise in defending against allegations of fraud, breach of trust and corruption.<\/p>\n<p><strong>Contact us at an early stage!<\/strong><br \/>\nThis is the only way to obtain a dismissal of the case already in the preliminary proceedings.[\/et_pb_text][\/et_pb_column][et_pb_column type=&#8221;1_2&#8243; _builder_version=&#8221;4.8.2&#8243; background_color=&#8221;#444444&#8243; custom_padding=&#8221;|||&#8221; custom_padding__hover=&#8221;|||&#8221;][et_pb_image src=&#8221;http:\/\/www.ombudsservice-fricke-recht.de\/wp-content\/uploads\/2021\/08\/strafrecht-2.jpg&#8221; title_text=&#8221;strafrecht-2&#8243; align=&#8221;center&#8221; force_fullwidth=&#8221;on&#8221; _builder_version=&#8221;4.8.2&#8243; custom_margin=&#8221;-40px|40px|40px|-40px|false|false&#8221; custom_padding=&#8221;|||&#8221; animation_direction=&#8221;right&#8221; border_color_all=&#8221;#&#8221; box_shadow_style=&#8221;preset3&#8243; box_shadow_horizontal=&#8221;13px&#8221; box_shadow_vertical=&#8221;42px&#8221; box_shadow_blur=&#8221;45px&#8221; box_shadow_spread=&#8221;-3px&#8221; box_shadow_color=&#8221;rgba(0,0,0,0.1)&#8221; always_center_on_mobile=&#8221;off&#8221;][\/et_pb_image][\/et_pb_column][\/et_pb_row][\/et_pb_section][et_pb_section fb_built=&#8221;1&#8243; admin_label=&#8221;Subscribe&#8221; _builder_version=&#8221;4.8.2&#8243; background_color=&#8221;#d1011a&#8221; custom_padding=&#8221;54px|0px|54px|0px&#8221;][et_pb_row column_structure=&#8221;3_5,2_5&#8243; _builder_version=&#8221;4.8.2&#8243; _module_preset=&#8221;default&#8221;][et_pb_column type=&#8221;3_5&#8243; _builder_version=&#8221;4.8.2&#8243; _module_preset=&#8221;default&#8221;][et_pb_text _builder_version=&#8221;4.8.2&#8243; text_font=&#8221;Montserrat|300|||||||&#8221; text_font_size=&#8221;20px&#8221; text_line_height=&#8221;1.8em&#8221; header_4_font=&#8221;Montserrat||||||||&#8221; header_4_font_size=&#8221;28px&#8221; background_layout=&#8221;dark&#8221; animation_style=&#8221;zoom&#8221; animation_direction=&#8221;left&#8221; animation_delay=&#8221;100ms&#8221; animation_intensity_zoom=&#8221;10%&#8221;]<\/p>\n<h4>Contact us<\/h4>\n<p>Do you need <strong>legal assistance<\/strong>?<br \/>\nWe will be happy to conduct an initial consultation with you<br \/>\nwithout obligation.[\/et_pb_text][et_pb_blurb title=&#8221;+49 89 32 49 80 50&#8243; use_icon=&#8221;on&#8221; font_icon=&#8221;%%264%%&#8221; icon_color=&#8221;#FFFFFF&#8221; icon_placement=&#8221;left&#8221; content_max_width=&#8221;100%&#8221; _builder_version=&#8221;4.8.2&#8243; _module_preset=&#8221;default&#8221; header_font=&#8221;Montserrat||||||||&#8221; header_text_color=&#8221;#FFFFFF&#8221; header_font_size=&#8221;29px&#8221; header_font_size_tablet=&#8221;&#8221; header_font_size_phone=&#8221;26px&#8221; header_font_size_last_edited=&#8221;on|phone&#8221;][\/et_pb_blurb][\/et_pb_column][et_pb_column type=&#8221;2_5&#8243; _builder_version=&#8221;4.8.2&#8243; _module_preset=&#8221;default&#8221; custom_padding=&#8221;50px||||false|false&#8221;][et_pb_button button_url=&#8221;https:\/\/www.ombudsservice-fricke-recht.de\/en\/contact-form-for-clients\/&#8221; button_text=&#8221;to the contact form&#8221; button_alignment=&#8221;left&#8221; _builder_version=&#8221;4.8.2&#8243; custom_button=&#8221;on&#8221; button_text_size=&#8221;14px&#8221; button_text_color=&#8221;#d1011a&#8221; button_bg_color=&#8221;#FFFFFF&#8221; button_border_width=&#8221;0px&#8221; button_border_color=&#8221;RGBA(0,0,0,0)&#8221; button_border_radius=&#8221;50px&#8221; button_font=&#8221;Montserrat|500||on|||||&#8221; button_use_icon=&#8221;off&#8221; background_layout=&#8221;dark&#8221; custom_padding=&#8221;20px|45px|20px|45px&#8221; animation_style=&#8221;fade&#8221; locked=&#8221;off&#8221; button_text_size__hover_enabled=&#8221;off&#8221; button_one_text_size__hover_enabled=&#8221;off&#8221; button_two_text_size__hover_enabled=&#8221;off&#8221; button_text_color__hover_enabled=&#8221;off&#8221; button_one_text_color__hover_enabled=&#8221;off&#8221; button_two_text_color__hover_enabled=&#8221;off&#8221; button_border_width__hover_enabled=&#8221;off&#8221; button_one_border_width__hover_enabled=&#8221;off&#8221; button_two_border_width__hover_enabled=&#8221;off&#8221; button_border_color__hover_enabled=&#8221;off&#8221; button_one_border_color__hover_enabled=&#8221;off&#8221; button_two_border_color__hover_enabled=&#8221;off&#8221; button_border_radius__hover_enabled=&#8221;off&#8221; button_one_border_radius__hover_enabled=&#8221;off&#8221; button_two_border_radius__hover_enabled=&#8221;off&#8221; button_letter_spacing__hover_enabled=&#8221;off&#8221; button_one_letter_spacing__hover_enabled=&#8221;off&#8221; button_two_letter_spacing__hover_enabled=&#8221;off&#8221; button_bg_color__hover_enabled=&#8221;off&#8221; button_one_bg_color__hover_enabled=&#8221;off&#8221; button_two_bg_color__hover_enabled=&#8221;off&#8221;][\/et_pb_button][\/et_pb_column][\/et_pb_row][\/et_pb_section]<\/p>\n","protected":false},"excerpt":{"rendered":"<p>[et_pb_section fb_built=&#8221;1&#8243; admin_label=&#8221;Hero&#8221; _builder_version=&#8221;4.8.2&#8243; use_background_color_gradient=&#8221;on&#8221; background_color_gradient_start=&#8221;rgba(0,0,0,0.5)&#8221; background_color_gradient_end=&#8221;rgba(0,0,0,0)&#8221; background_color_gradient_direction=&#8221;90deg&#8221; background_color_gradient_start_position=&#8221;24%&#8221; background_color_gradient_end_position=&#8221;91%&#8221; background_color_gradient_overlays_image=&#8221;on&#8221; background_image=&#8221;http:\/\/www.ombudsservice-fricke-recht.de\/wp-content\/uploads\/2021\/08\/strafrecht.jpg&#8221; min_height=&#8221;400px&#8221; height=&#8221;400px&#8221; custom_margin=&#8221;|||&#8221; custom_padding=&#8221;125px||0px|||&#8221; bottom_divider_style=&#8221;slant&#8221; bottom_divider_color=&#8221;#ffffff&#8221; bottom_divider_flip=&#8221;horizontal&#8221; animation_style=&#8221;slide&#8221; animation_direction=&#8221;top&#8221; animation_intensity_slide=&#8221;5%&#8221; animation_starting_opacity=&#8221;100%&#8221; background_last_edited=&#8221;on|desktop&#8221;][et_pb_row column_structure=&#8221;3_4,1_4&#8243; _builder_version=&#8221;3.25&#8243; background_size=&#8221;initial&#8221; background_position=&#8221;top_left&#8221; background_repeat=&#8221;repeat&#8221; custom_padding=&#8221;27px|0px|0px|0px&#8221;][et_pb_column type=&#8221;3_4&#8243; _builder_version=&#8221;3.25&#8243; custom_padding=&#8221;|||&#8221; custom_padding__hover=&#8221;|||&#8221;][et_pb_text admin_label=&#8221;Title&#8221; _builder_version=&#8221;4.8.2&#8243; text_font=&#8221;||||||||&#8221; header_font=&#8221;Montserrat|600|||||||&#8221; header_font_size=&#8221;50px&#8221; header_line_height=&#8221;1.2em&#8221; background_layout=&#8221;dark&#8221; animation_style=&#8221;zoom&#8221; animation_direction=&#8221;left&#8221; animation_intensity_zoom=&#8221;10%&#8221; header_font_size_tablet=&#8221;&#8221; header_font_size_phone=&#8221;50px&#8221; header_font_size_last_edited=&#8221;on|phone&#8221;] Criminal Law [\/et_pb_text][et_pb_divider color=&#8221;rgba(255,255,255,0.7)&#8221; divider_weight=&#8221;3px&#8221; _builder_version=&#8221;3.2&#8243; max_width=&#8221;120px&#8221; animation_style=&#8221;zoom&#8221; [&hellip;]<\/p>\n","protected":false},"author":1,"featured_media":0,"parent":766,"menu_order":0,"comment_status":"closed","ping_status":"closed","template":"","meta":{"_et_pb_use_builder":"on","_et_pb_old_content":"","_et_gb_content_width":"","footnotes":""},"class_list":["post-715","page","type-page","status-publish","hentry"],"yoast_head":"<!-- This site is optimized with the Yoast SEO plugin v21.1 - https:\/\/yoast.com\/wordpress\/plugins\/seo\/ -->\n<title>Strafrecht :: Rechtsanwaltskanzlei Fricke - Ombudsservice in M\u00fcnchen<\/title>\n<meta name=\"description\" content=\"Erf\u00fcllen Sie Legalit\u00e4ts-, Kontroll- und Aufsichtspflichten. Wir beraten Sie in allen relevanten Compliance-Themen.\" \/>\n<meta name=\"robots\" content=\"index, follow, max-snippet:-1, max-image-preview:large, max-video-preview:-1\" \/>\n<link rel=\"canonical\" href=\"https:\/\/www.ombudsservice-fricke-recht.de\/en\/for-clients\/criminal-law\/\" \/>\n<meta property=\"og:locale\" content=\"en_US\" \/>\n<meta property=\"og:type\" content=\"article\" \/>\n<meta property=\"og:title\" content=\"Strafrecht :: Rechtsanwaltskanzlei Fricke - Ombudsservice in M\u00fcnchen\" \/>\n<meta property=\"og:description\" content=\"Erf\u00fcllen Sie Legalit\u00e4ts-, Kontroll- und Aufsichtspflichten. Wir beraten Sie in allen relevanten Compliance-Themen.\" \/>\n<meta property=\"og:url\" content=\"https:\/\/www.ombudsservice-fricke-recht.de\/en\/for-clients\/criminal-law\/\" \/>\n<meta property=\"og:site_name\" content=\"Ombudservice Fricke\" \/>\n<meta property=\"article:modified_time\" content=\"2022-03-10T12:46:26+00:00\" \/>\n<meta name=\"twitter:card\" content=\"summary_large_image\" \/>\n<meta name=\"twitter:label1\" content=\"Est. reading time\" \/>\n\t<meta name=\"twitter:data1\" content=\"6 minutes\" \/>\n<script type=\"application\/ld+json\" class=\"yoast-schema-graph\">{\"@context\":\"https:\/\/schema.org\",\"@graph\":[{\"@type\":\"WebPage\",\"@id\":\"https:\/\/www.ombudsservice-fricke-recht.de\/en\/for-clients\/criminal-law\/\",\"url\":\"https:\/\/www.ombudsservice-fricke-recht.de\/en\/for-clients\/criminal-law\/\",\"name\":\"Strafrecht :: Rechtsanwaltskanzlei Fricke - Ombudsservice in M\u00fcnchen\",\"isPartOf\":{\"@id\":\"https:\/\/www.ombudsservice-fricke-recht.de\/#website\"},\"datePublished\":\"2021-08-27T10:52:56+00:00\",\"dateModified\":\"2022-03-10T12:46:26+00:00\",\"description\":\"Erf\u00fcllen Sie Legalit\u00e4ts-, Kontroll- und Aufsichtspflichten. Wir beraten Sie in allen relevanten Compliance-Themen.\",\"breadcrumb\":{\"@id\":\"https:\/\/www.ombudsservice-fricke-recht.de\/en\/for-clients\/criminal-law\/#breadcrumb\"},\"inLanguage\":\"en-US\",\"potentialAction\":[{\"@type\":\"ReadAction\",\"target\":[\"https:\/\/www.ombudsservice-fricke-recht.de\/en\/for-clients\/criminal-law\/\"]}]},{\"@type\":\"BreadcrumbList\",\"@id\":\"https:\/\/www.ombudsservice-fricke-recht.de\/en\/for-clients\/criminal-law\/#breadcrumb\",\"itemListElement\":[{\"@type\":\"ListItem\",\"position\":1,\"name\":\"Startseite\",\"item\":\"https:\/\/www.ombudsservice-fricke-recht.de\/en\/\"},{\"@type\":\"ListItem\",\"position\":2,\"name\":\"For Clients\",\"item\":\"https:\/\/www.ombudsservice-fricke-recht.de\/en\/for-clients\/\"},{\"@type\":\"ListItem\",\"position\":3,\"name\":\"Criminal Law\"}]},{\"@type\":\"WebSite\",\"@id\":\"https:\/\/www.ombudsservice-fricke-recht.de\/#website\",\"url\":\"https:\/\/www.ombudsservice-fricke-recht.de\/\",\"name\":\"Ombudservice Fricke\",\"description\":\"Rechtsanwaltskanzlei Fricke\",\"potentialAction\":[{\"@type\":\"SearchAction\",\"target\":{\"@type\":\"EntryPoint\",\"urlTemplate\":\"https:\/\/www.ombudsservice-fricke-recht.de\/?s={search_term_string}\"},\"query-input\":\"required name=search_term_string\"}],\"inLanguage\":\"en-US\"}]}<\/script>\n<!-- \/ Yoast SEO plugin. -->","yoast_head_json":{"title":"Strafrecht :: Rechtsanwaltskanzlei Fricke - Ombudsservice in M\u00fcnchen","description":"Erf\u00fcllen Sie Legalit\u00e4ts-, Kontroll- und Aufsichtspflichten. Wir beraten Sie in allen relevanten Compliance-Themen.","robots":{"index":"index","follow":"follow","max-snippet":"max-snippet:-1","max-image-preview":"max-image-preview:large","max-video-preview":"max-video-preview:-1"},"canonical":"https:\/\/www.ombudsservice-fricke-recht.de\/en\/for-clients\/criminal-law\/","og_locale":"en_US","og_type":"article","og_title":"Strafrecht :: Rechtsanwaltskanzlei Fricke - Ombudsservice in M\u00fcnchen","og_description":"Erf\u00fcllen Sie Legalit\u00e4ts-, Kontroll- und Aufsichtspflichten. Wir beraten Sie in allen relevanten Compliance-Themen.","og_url":"https:\/\/www.ombudsservice-fricke-recht.de\/en\/for-clients\/criminal-law\/","og_site_name":"Ombudservice Fricke","article_modified_time":"2022-03-10T12:46:26+00:00","twitter_card":"summary_large_image","twitter_misc":{"Est. reading time":"6 minutes"},"schema":{"@context":"https:\/\/schema.org","@graph":[{"@type":"WebPage","@id":"https:\/\/www.ombudsservice-fricke-recht.de\/en\/for-clients\/criminal-law\/","url":"https:\/\/www.ombudsservice-fricke-recht.de\/en\/for-clients\/criminal-law\/","name":"Strafrecht :: Rechtsanwaltskanzlei Fricke - Ombudsservice in M\u00fcnchen","isPartOf":{"@id":"https:\/\/www.ombudsservice-fricke-recht.de\/#website"},"datePublished":"2021-08-27T10:52:56+00:00","dateModified":"2022-03-10T12:46:26+00:00","description":"Erf\u00fcllen Sie Legalit\u00e4ts-, Kontroll- und Aufsichtspflichten. Wir beraten Sie in allen relevanten Compliance-Themen.","breadcrumb":{"@id":"https:\/\/www.ombudsservice-fricke-recht.de\/en\/for-clients\/criminal-law\/#breadcrumb"},"inLanguage":"en-US","potentialAction":[{"@type":"ReadAction","target":["https:\/\/www.ombudsservice-fricke-recht.de\/en\/for-clients\/criminal-law\/"]}]},{"@type":"BreadcrumbList","@id":"https:\/\/www.ombudsservice-fricke-recht.de\/en\/for-clients\/criminal-law\/#breadcrumb","itemListElement":[{"@type":"ListItem","position":1,"name":"Startseite","item":"https:\/\/www.ombudsservice-fricke-recht.de\/en\/"},{"@type":"ListItem","position":2,"name":"For Clients","item":"https:\/\/www.ombudsservice-fricke-recht.de\/en\/for-clients\/"},{"@type":"ListItem","position":3,"name":"Criminal Law"}]},{"@type":"WebSite","@id":"https:\/\/www.ombudsservice-fricke-recht.de\/#website","url":"https:\/\/www.ombudsservice-fricke-recht.de\/","name":"Ombudservice Fricke","description":"Rechtsanwaltskanzlei Fricke","potentialAction":[{"@type":"SearchAction","target":{"@type":"EntryPoint","urlTemplate":"https:\/\/www.ombudsservice-fricke-recht.de\/?s={search_term_string}"},"query-input":"required name=search_term_string"}],"inLanguage":"en-US"}]}},"_links":{"self":[{"href":"https:\/\/www.ombudsservice-fricke-recht.de\/en\/wp-json\/wp\/v2\/pages\/715","targetHints":{"allow":["GET"]}}],"collection":[{"href":"https:\/\/www.ombudsservice-fricke-recht.de\/en\/wp-json\/wp\/v2\/pages"}],"about":[{"href":"https:\/\/www.ombudsservice-fricke-recht.de\/en\/wp-json\/wp\/v2\/types\/page"}],"author":[{"embeddable":true,"href":"https:\/\/www.ombudsservice-fricke-recht.de\/en\/wp-json\/wp\/v2\/users\/1"}],"replies":[{"embeddable":true,"href":"https:\/\/www.ombudsservice-fricke-recht.de\/en\/wp-json\/wp\/v2\/comments?post=715"}],"version-history":[{"count":7,"href":"https:\/\/www.ombudsservice-fricke-recht.de\/en\/wp-json\/wp\/v2\/pages\/715\/revisions"}],"predecessor-version":[{"id":879,"href":"https:\/\/www.ombudsservice-fricke-recht.de\/en\/wp-json\/wp\/v2\/pages\/715\/revisions\/879"}],"up":[{"embeddable":true,"href":"https:\/\/www.ombudsservice-fricke-recht.de\/en\/wp-json\/wp\/v2\/pages\/766"}],"wp:attachment":[{"href":"https:\/\/www.ombudsservice-fricke-recht.de\/en\/wp-json\/wp\/v2\/media?parent=715"}],"curies":[{"name":"wp","href":"https:\/\/api.w.org\/{rel}","templated":true}]}}